{"id":11,"date":"2013-10-06T17:26:32","date_gmt":"2013-10-06T15:26:32","guid":{"rendered":"http:\/\/www.eagpv.at\/?page_id=11"},"modified":"2025-02-07T23:55:44","modified_gmt":"2025-02-07T21:55:44","slug":"der-vorstand","status":"publish","type":"page","link":"http:\/\/www.eagpv.at\/?page_id=11","title":{"rendered":"Der Vorstand"},"content":{"rendered":"<p>Am<strong> 09.06.2022<\/strong>\u00a0fand im Gasthaus &#8222;Wirt am Bach&#8220; in Oberweis die letzte Jahreshauptversammlung statt.<\/p>\n<p>Bei dieser Generalversammlung wurde im Zuge der Neuwahl einstimmig der Vereinsvorstand wie folgt f\u00fcr die n\u00e4chsten 3 Jahre gew\u00e4hlt:<\/p>\n<p><a href=\"http:\/\/www.eagpv.at\/wp-content\/uploads\/2019\/10\/DSC04379.jpg\"><img loading=\"lazy\" decoding=\"async\" class=\"alignnone wp-image-1324\" src=\"http:\/\/www.eagpv.at\/wp-content\/uploads\/2019\/10\/DSC04379.jpg\" alt=\"Vorsitzende\" width=\"215\" height=\"215\" srcset=\"http:\/\/www.eagpv.at\/wp-content\/uploads\/2019\/10\/DSC04379.jpg 500w, http:\/\/www.eagpv.at\/wp-content\/uploads\/2019\/10\/DSC04379-150x150.jpg 150w, http:\/\/www.eagpv.at\/wp-content\/uploads\/2019\/10\/DSC04379-300x300.jpg 300w\" sizes=\"auto, (max-width: 215px) 100vw, 215px\" \/><\/a><br \/>\nVorsitzende: <strong>Gabriele Rastinger<\/strong><br \/>\nFeldstra\u00dfe 36A<br \/>\n4813 Altm\u00fcnster<br \/>\nTel.: +43 (664) 2263131<br \/>\nMail: <span style=\"color: #ff0000;\"><a style=\"color: #ff0000;\" href=\"mailto:gabrielerastinger@gmail.com\">gabrielerastinger@gmail.com<\/a><\/span><\/p>\n<p><a href=\"http:\/\/www.eagpv.at\/wp-content\/uploads\/2019\/10\/DSC04363.jpg\"><img loading=\"lazy\" decoding=\"async\" class=\"alignnone wp-image-1323\" src=\"http:\/\/www.eagpv.at\/wp-content\/uploads\/2019\/10\/DSC04363.jpg\" alt=\"1. Stellvertreter\" width=\"215\" height=\"215\" srcset=\"http:\/\/www.eagpv.at\/wp-content\/uploads\/2019\/10\/DSC04363.jpg 500w, http:\/\/www.eagpv.at\/wp-content\/uploads\/2019\/10\/DSC04363-150x150.jpg 150w, http:\/\/www.eagpv.at\/wp-content\/uploads\/2019\/10\/DSC04363-300x300.jpg 300w\" sizes=\"auto, (max-width: 215px) 100vw, 215px\" \/><\/a><\/p>\n<p>1. Stellvertreter:\u00a0 <strong>Othmar Strasser<br \/>\n<\/strong>Buchenstra\u00dfe 54<br \/>\n4810 Gmunden<br \/>\nTel.: +43(664) 73002516<br \/>\nMail: <span style=\"color: #ff0000;\"><a href=\"mailto:othmar.strasser@aon.net\"><span style=\"color: #ff0000;\">othmar.strasser@aon.at<\/span><\/a><\/span><\/p>\n<p><a href=\"http:\/\/www.eagpv.at\/wp-content\/uploads\/2021\/04\/BillingerHubert_04.jpg\"><img loading=\"lazy\" decoding=\"async\" class=\"alignnone wp-image-1746\" src=\"http:\/\/www.eagpv.at\/wp-content\/uploads\/2021\/04\/BillingerHubert_04-1024x1024.jpg\" alt=\"Hubert Billinger\" width=\"215\" height=\"215\" srcset=\"http:\/\/www.eagpv.at\/wp-content\/uploads\/2021\/04\/BillingerHubert_04-1024x1024.jpg 1024w, http:\/\/www.eagpv.at\/wp-content\/uploads\/2021\/04\/BillingerHubert_04-300x300.jpg 300w, http:\/\/www.eagpv.at\/wp-content\/uploads\/2021\/04\/BillingerHubert_04-150x150.jpg 150w, http:\/\/www.eagpv.at\/wp-content\/uploads\/2021\/04\/BillingerHubert_04-768x768.jpg 768w, http:\/\/www.eagpv.at\/wp-content\/uploads\/2021\/04\/BillingerHubert_04.jpg 1066w\" sizes=\"auto, (max-width: 215px) 100vw, 215px\" \/><\/a><\/p>\n<p>2. Stellvertreter:\u00a0 <strong>Hubert Billinger<br \/>\n<\/strong>Weinheberstra\u00dfe 42<br \/>\n4020 Linz<br \/>\nTel.: +43 (676) 87341340<br \/>\nMail: <a href=\"mailto:hubert.billinger@icloud.com\">Hubert.billinger@icloud.com<\/a><br \/>\n<span style=\"color: #ff0000;\"><a href=\"mailto:herbert.nussbaumer@gmx.net\"><span style=\"color: #ff0000;\"><br \/>\n<\/span><\/a><\/span><\/p>\n<p><a href=\"http:\/\/www.eagpv.at\/wp-content\/uploads\/2019\/10\/DSC04354.jpg\"><img loading=\"lazy\" decoding=\"async\" class=\"alignnone wp-image-1326\" src=\"http:\/\/www.eagpv.at\/wp-content\/uploads\/2019\/10\/DSC04354.jpg\" alt=\"\" width=\"215\" height=\"215\" srcset=\"http:\/\/www.eagpv.at\/wp-content\/uploads\/2019\/10\/DSC04354.jpg 500w, http:\/\/www.eagpv.at\/wp-content\/uploads\/2019\/10\/DSC04354-150x150.jpg 150w, http:\/\/www.eagpv.at\/wp-content\/uploads\/2019\/10\/DSC04354-300x300.jpg 300w\" sizes=\"auto, (max-width: 215px) 100vw, 215px\" \/><\/a><br \/>\nEhrenobmann:\u00a0 <strong>Josef Penninger<br \/>\n<\/strong>Cumberlandpark 5\/3<br \/>\n4810 Gmunden<br \/>\nTel.: +43 (680) 1443904<br \/>\nMail: <span style=\"color: #ff0000;\">\u00a0<a title=\"Mail an Josef Penninger\" href=\"mailto:josef.penninger@traunseenet.at\"><span style=\"color: #ff0000;\">josef.penninger@traunseenet.at<br \/>\n<\/span><\/a><\/span><br \/>\nSchriftf\u00fchrerin: <strong>Renate Blecha<\/strong><br \/>\nAm Bach 22<br \/>\n4816 Gschwandt<br \/>\nTel.:\u00a0 +43 (676)\u00a03676733<br \/>\nMail: <span style=\"color: #ff0000;\"><a href=\"mailto:renate_blecha@ymail.com\"><span style=\"color: #ff0000;\">renate_blecha@ymail.com<br \/>\n<\/span><\/a><\/span><\/p>\n<p>Kassierin: <strong>Elke Pavelka<\/strong><br \/>\nHamberg 17<br \/>\n4813 Altm\u00fcnster<br \/>\nTel.: +43 (676) 83929204<br \/>\nMai: <a href=\"mailto:elke.pavelka@rauch-ft.com\">elke.pavelka@rauch-ft.com<\/a><\/p>\n<hr \/>\n<p><strong>Beir\u00e4te:<\/strong><\/p>\n<p>Unterst\u00fctzung Webseite:<strong><br \/>\nSiegfried Buchegger<\/strong><em><strong><br \/>\n<\/strong><\/em>Traunsteinstra\u00dfe 127<br \/>\n4810 Gmunden<br \/>\nTel.: +43 (664) 73668098<br \/>\nMail: <a title=\"Mail an Webmaster\" href=\"mailto:siegfried.buchegger@aon.at\"><span style=\"color: #ff0000;\">siegfried.buchegger@aon.at<\/span><\/a><\/p>\n<p><strong>Gerhard Gaigg<\/strong><br \/>\nSchwayerstra\u00dfe 18<br \/>\n4020 Linz<br \/>\nTel.: +43 (660) 7120985<br \/>\nMail: <a href=\"mailto:gaigg.gerhard@gmail.com\">gaigg.gerhard@gmail.com<\/a><\/p>\n<p><strong>Herbert Glinsner<\/strong><br \/>\nFichtenweg 9<br \/>\n4551 Ried i. Traunkreis<br \/>\nTel.: +43 (670) 6064255<br \/>\nMail: <a href=\"mailto:herbert.glinsner@outlook.com\">herbert.glinsner@outlook.com<\/a><\/p>\n<p><strong>Regina Krenn<\/strong><br \/>\nHammergrund 26<br \/>\n4400 Steyr<br \/>\nTel.: +43 (664) 2336602<br \/>\nMail: <a href=\"mailto:kenn.regina@gmx.at\" target=\"_blank\" rel=\"noopener\">kenn.regina@gmx.at<\/a><\/p>\n<p><strong>Johann Lampersberger<\/strong><br \/>\nBurgwallstra\u00dfe 1<br \/>\n4060 Leonding<br \/>\nTel.: +43 (732) 674009<\/p>\n<p><strong>Herbert Nussbaumer<\/strong><br \/>\nEhrendorferstra\u00dfe 59<br \/>\n4812 Pinsdorf<br \/>\nTel.: +43 (676) 5977200<br \/>\nMail: <a href=\"mailto:herbert.nussbaumer@gmx.net\">herbert.nussbaumer@gmx.net<\/a><\/p>\n<p><strong>Adolf Preuner<\/strong><br \/>\nAigerding 21<br \/>\n4780 Sch\u00e4rding<br \/>\nTel.: +43 (7712) 2884<br \/>\nMail: <span style=\"color: #ff0000;\"><a href=\"mailto:adipreuner@gmx.at\"><span style=\"color: #ff0000;\">adipreuner@gmx.at<\/span><\/a><\/span><\/p>\n<p><strong>Franz Peer<\/strong><br \/>\nWiesen 23<br \/>\n4822 Bad Goisern<br \/>\nTel.: +43 (664) 73633219<br \/>\nMail: <a href=\"mailto:f.peer@aon.at\">f.peer@aon.at<\/a><\/p>\n<p><strong>Karl-Heinz Reiter<\/strong><br \/>\nIm Weideland 8<br \/>\n4073 Wilhering<br \/>\nTel.: +43 (681) 10498907<br \/>\nMail: <a href=\"mailto:heinz.reiter@24speed.at\">heinz.reiter@24speed.at<\/a><\/p>\n<p><strong>Bernhard Steiner<\/strong><br \/>\nMoserstra\u00dfe 2<br \/>\n4100 Ottensheim<br \/>\nTel.: +43 (664) 601653773<br \/>\nMail: <a href=\"mailto:bernhard.steiner@energieag.at\"><span style=\"color: #ff0000;\">bernhard.steiner@energieag.at<\/span><\/a><\/p>\n<p><strong>Elisabeth Urmann<\/strong><br \/>\nOberndorferstra\u00dfe 3<br \/>\n4210 Gallneukirchen<br \/>\nTel.: +43 (699)11494109<br \/>\nMail: <a href=\"mailto:elisabeth.urmann@gmx.at\">elisabeth.urmann@gmx.at<\/a><\/p>\n<hr \/>\n<p>Rechnungspr\u00fcfer:<br \/>\n<strong>Walter Kemmer<\/strong><br \/>\nAch 4<br \/>\n4101 Feldkirchen a.d. Donau<br \/>\nTel.: +43 (664) 5436102<br \/>\nMail: <span style=\"color: #ff0000;\"><a href=\"mailto:walter.kemmer@aon.at\"><span style=\"color: #ff0000;\">walter.kemmer@aon.at<\/span><\/a><\/span><\/p>\n<p><strong>Franz Sammer<\/strong><br \/>\nMarienstra\u00dfe 8<br \/>\n4663 Laakirchen<br \/>\nTel.: +43 (664) 1106649<br \/>\nMail: <a href=\"mailto:sammerfra@gmail.com\">sammerfra@gmail.com<\/a><\/p>\n<hr \/>\n<p>Au\u00dfenbetreuung:<br \/>\n<strong>Georg Kappacher<\/strong><br \/>\nNr. 224<br \/>\n5611 Gro\u00dfarl<br \/>\nTel.: +43 (664) 2248860<br \/>\nMail: <a href=\"mailto:kappacher.georg@aon.at\">kappacher.georg@aon.at<\/a><\/p>\n<p><b>Danner Helga<br \/>\n<\/b>Siedlungsstra\u00dfe 2<br \/>\n5124 Haigermoos<br \/>\nTel.: +43 (664) 1203909<br \/>\nMail: <a href=\"mailto:fhdanner@aon.at\">fhdanner@aon.at<\/a><\/p>\n<p>&nbsp;<\/p>\n","protected":false},"excerpt":{"rendered":"<p>Am 09.06.2022\u00a0fand im Gasthaus &#8222;Wirt am Bach&#8220; in Oberweis die letzte Jahreshauptversammlung statt. Bei dieser Generalversammlung wurde im Zuge der Neuwahl einstimmig der Vereinsvorstand wie folgt f\u00fcr die n\u00e4chsten 3 Jahre gew\u00e4hlt: Vorsitzende: Gabriele Rastinger Feldstra\u00dfe 36A 4813 Altm\u00fcnster Tel.: +43 (664) 2263131 Mail: gabrielerastinger@gmail.com 1. Stellvertreter:\u00a0 Othmar Strasser Buchenstra\u00dfe 54 4810 Gmunden Tel.: +43(664) &hellip; <a href=\"http:\/\/www.eagpv.at\/?page_id=11\" class=\"more-link\"><span class=\"screen-reader-text\">Der Vorstand<\/span> weiterlesen <span class=\"meta-nav\">&rarr;<\/span><\/a><\/p>\n","protected":false},"author":3,"featured_media":0,"parent":0,"menu_order":0,"comment_status":"closed","ping_status":"closed","template":"","meta":{"footnotes":""},"class_list":["post-11","page","type-page","status-publish","hentry"],"_links":{"self":[{"href":"http:\/\/www.eagpv.at\/index.php?rest_route=\/wp\/v2\/pages\/11","targetHints":{"allow":["GET"]}}],"collection":[{"href":"http:\/\/www.eagpv.at\/index.php?rest_route=\/wp\/v2\/pages"}],"about":[{"href":"http:\/\/www.eagpv.at\/index.php?rest_route=\/wp\/v2\/types\/page"}],"author":[{"embeddable":true,"href":"http:\/\/www.eagpv.at\/index.php?rest_route=\/wp\/v2\/users\/3"}],"replies":[{"embeddable":true,"href":"http:\/\/www.eagpv.at\/index.php?rest_route=%2Fwp%2Fv2%2Fcomments&post=11"}],"version-history":[{"count":45,"href":"http:\/\/www.eagpv.at\/index.php?rest_route=\/wp\/v2\/pages\/11\/revisions"}],"predecessor-version":[{"id":2616,"href":"http:\/\/www.eagpv.at\/index.php?rest_route=\/wp\/v2\/pages\/11\/revisions\/2616"}],"wp:attachment":[{"href":"http:\/\/www.eagpv.at\/index.php?rest_route=%2Fwp%2Fv2%2Fmedia&parent=11"}],"curies":[{"name":"wp","href":"https:\/\/api.w.org\/{rel}","templated":true}]}}