{"id":15,"date":"2013-10-10T06:30:19","date_gmt":"2013-10-10T04:30:19","guid":{"rendered":"http:\/\/www.eagpv.at\/?page_id=15"},"modified":"2023-12-08T16:34:10","modified_gmt":"2023-12-08T14:34:10","slug":"impressum","status":"publish","type":"page","link":"http:\/\/www.eagpv.at\/?page_id=15","title":{"rendered":"Impressum"},"content":{"rendered":"<p><strong>Pensionistenverein<\/strong> der Energie AG Ober\u00f6sterreich<br \/>\n4021 Linz, B\u00f6hmerwaldstra\u00dfe 3<br \/>\nZVR-Zahl:\u00a0\u00a0<strong>743507550<\/strong><br \/>\nObmann: Gabriele Rastinger<\/p>\n<p><strong><span style=\"color: #ff0000;\">Vereinszweck<\/span><\/strong><\/p>\n<ul>\n<li>Vertretung und Wahrung der Interessen aller Energie AG &#8211; Pensionistinnen und Pensionisten sowie Energie AG &#8211; Witwen und Witwer<\/li>\n<li>zur Erreichung dieser Vereinszwecke ist bei Bedarf die Kontaktaufnahme und Zusammenarbeit mit der Personalvertretung der Energie AG herzustellen<\/li>\n<li>um die traditionelle Energie AG &#8211; Gemeinschaft zu wahren und zu f\u00f6rdern setzt sich der Verein zur Aufgabe dem oben angef\u00fchrten Personenkreis Hilfestellung im privaten und sozialen Bereich zu leisten<\/li>\n<li>die T\u00e4tigkeit dient ausschlie\u00dflich und unmittelbar einem gemeinn\u00fctzigen Zweck und ist nicht auf Gewinn ausgerichtet<\/li>\n<\/ul>\n<p>&nbsp;<\/p>\n<address><strong><a title=\"Beitrittserkl\u00e4rung zum Drucken\" href=\"\/dokumente\/beitrittserklaerung.pdf\" target=\"_blank\" rel=\"noopener\">B e i t r i t t s e r k l \u00e4 r u n g<\/a><\/strong><\/address>\n<address>\u00a0<\/address>\n<address>Gestaltung Homepage:\u00a0 <a title=\"Mail an Siegfried Buchegger\" href=\"mailto:siegfried.buchegger@aon.at\" target=\"_blank\" rel=\"noopener\">Siegfried Buchegger<\/a><\/address>\n","protected":false},"excerpt":{"rendered":"<p>Pensionistenverein der Energie AG Ober\u00f6sterreich 4021 Linz, B\u00f6hmerwaldstra\u00dfe 3 ZVR-Zahl:\u00a0\u00a0743507550 Obmann: Gabriele Rastinger Vereinszweck Vertretung und Wahrung der Interessen aller Energie AG &#8211; Pensionistinnen und Pensionisten sowie Energie AG &#8211; Witwen und Witwer zur Erreichung dieser Vereinszwecke ist bei Bedarf die Kontaktaufnahme und Zusammenarbeit mit der Personalvertretung der Energie AG herzustellen um die traditionelle Energie &hellip; <a href=\"http:\/\/www.eagpv.at\/?page_id=15\" class=\"more-link\"><span class=\"screen-reader-text\">Impressum<\/span> weiterlesen <span class=\"meta-nav\">&rarr;<\/span><\/a><\/p>\n","protected":false},"author":3,"featured_media":0,"parent":0,"menu_order":0,"comment_status":"closed","ping_status":"closed","template":"","meta":{"footnotes":""},"class_list":["post-15","page","type-page","status-publish","hentry"],"_links":{"self":[{"href":"http:\/\/www.eagpv.at\/index.php?rest_route=\/wp\/v2\/pages\/15","targetHints":{"allow":["GET"]}}],"collection":[{"href":"http:\/\/www.eagpv.at\/index.php?rest_route=\/wp\/v2\/pages"}],"about":[{"href":"http:\/\/www.eagpv.at\/index.php?rest_route=\/wp\/v2\/types\/page"}],"author":[{"embeddable":true,"href":"http:\/\/www.eagpv.at\/index.php?rest_route=\/wp\/v2\/users\/3"}],"replies":[{"embeddable":true,"href":"http:\/\/www.eagpv.at\/index.php?rest_route=%2Fwp%2Fv2%2Fcomments&post=15"}],"version-history":[{"count":15,"href":"http:\/\/www.eagpv.at\/index.php?rest_route=\/wp\/v2\/pages\/15\/revisions"}],"predecessor-version":[{"id":2373,"href":"http:\/\/www.eagpv.at\/index.php?rest_route=\/wp\/v2\/pages\/15\/revisions\/2373"}],"wp:attachment":[{"href":"http:\/\/www.eagpv.at\/index.php?rest_route=%2Fwp%2Fv2%2Fmedia&parent=15"}],"curies":[{"name":"wp","href":"https:\/\/api.w.org\/{rel}","templated":true}]}}