{"id":205,"date":"2014-03-07T12:09:51","date_gmt":"2014-03-07T10:09:51","guid":{"rendered":"http:\/\/www.eagpv.at\/?page_id=205"},"modified":"2024-09-27T07:49:39","modified_gmt":"2024-09-27T05:49:39","slug":"energie-ag-musik","status":"publish","type":"page","link":"http:\/\/www.eagpv.at\/?page_id=205","title":{"rendered":"Energie AG Musik"},"content":{"rendered":"<p>&nbsp;<\/p>\n<p><a href=\"http:\/\/www.eagpv.at\/?p=2512\" target=\"_blank\" rel=\"noopener\"><img loading=\"lazy\" decoding=\"async\" class=\"size-medium wp-image-2515 aligncenter\" src=\"http:\/\/www.eagpv.at\/wp-content\/uploads\/2024\/09\/2024_Herbstkonzert_EAG_Musik-300x85.png\" alt=\"\" width=\"300\" height=\"85\" srcset=\"http:\/\/www.eagpv.at\/wp-content\/uploads\/2024\/09\/2024_Herbstkonzert_EAG_Musik-300x85.png 300w, http:\/\/www.eagpv.at\/wp-content\/uploads\/2024\/09\/2024_Herbstkonzert_EAG_Musik-768x218.png 768w, http:\/\/www.eagpv.at\/wp-content\/uploads\/2024\/09\/2024_Herbstkonzert_EAG_Musik.png 840w\" sizes=\"auto, (max-width: 300px) 100vw, 300px\" \/><\/a><\/p>\n<p><a href=\"http:\/\/www.eagpv.at\/wp-content\/uploads\/2024\/09\/2024_Herbstkonzert_EAG_Musik.jpg\" target=\"_blank\" rel=\"noopener\"><img loading=\"lazy\" decoding=\"async\" class=\"wp-image-2513 aligncenter\" src=\"http:\/\/www.eagpv.at\/wp-content\/uploads\/2024\/09\/2024_Herbstkonzert_EAG_Musik-141x300.jpg\" alt=\"\" width=\"266\" height=\"566\" \/><\/a><\/p>\n<p>&nbsp;<\/p>\n<hr \/>\n<p><a href=\"http:\/\/www.eagpv.at\/wp-content\/uploads\/2024\/03\/Einladung_60_Jahre_EAG_Musik_1.jpg\" target=\"_blank\" rel=\"noopener\"><img loading=\"lazy\" decoding=\"async\" class=\"wp-image-2430 aligncenter\" src=\"http:\/\/www.eagpv.at\/wp-content\/uploads\/2024\/03\/Einladung_60_Jahre_EAG_Musik_1-300x200.jpg\" alt=\"\" width=\"522\" height=\"348\" srcset=\"http:\/\/www.eagpv.at\/wp-content\/uploads\/2024\/03\/Einladung_60_Jahre_EAG_Musik_1-300x200.jpg 300w, http:\/\/www.eagpv.at\/wp-content\/uploads\/2024\/03\/Einladung_60_Jahre_EAG_Musik_1-768x512.jpg 768w, http:\/\/www.eagpv.at\/wp-content\/uploads\/2024\/03\/Einladung_60_Jahre_EAG_Musik_1.jpg 800w\" sizes=\"auto, (max-width: 522px) 100vw, 522px\" \/><\/a><\/p>\n<p><a href=\"http:\/\/www.eagpv.at\/wp-content\/uploads\/2024\/03\/Einladung_60_Jahre_EAG_Musik_2.jpg\" target=\"_blank\" rel=\"noopener\"><img loading=\"lazy\" decoding=\"async\" class=\"wp-image-2431 aligncenter\" src=\"http:\/\/www.eagpv.at\/wp-content\/uploads\/2024\/03\/Einladung_60_Jahre_EAG_Musik_2-300x200.jpg\" alt=\"\" width=\"524\" height=\"349\" srcset=\"http:\/\/www.eagpv.at\/wp-content\/uploads\/2024\/03\/Einladung_60_Jahre_EAG_Musik_2-300x200.jpg 300w, http:\/\/www.eagpv.at\/wp-content\/uploads\/2024\/03\/Einladung_60_Jahre_EAG_Musik_2-768x512.jpg 768w, http:\/\/www.eagpv.at\/wp-content\/uploads\/2024\/03\/Einladung_60_Jahre_EAG_Musik_2.jpg 800w\" sizes=\"auto, (max-width: 524px) 100vw, 524px\" \/><\/a><\/p>\n<hr \/>\n<p><a href=\"https:\/\/www.facebook.com\/musikderenergieag\/\" target=\"_blank\" rel=\"noopener\"><img loading=\"lazy\" decoding=\"async\" class=\"alignnone  wp-image-2273\" src=\"http:\/\/www.eagpv.at\/wp-content\/uploads\/2023\/06\/EAG_Musik_logo_Facebook.png\" alt=\"\" width=\"185\" height=\"41\" \/>\u00a0<\/a><a href=\"https:\/\/www.facebook.com\/musikderenergieag\/\" target=\"_blank\" rel=\"noopener\"><img loading=\"lazy\" decoding=\"async\" class=\"alignnone  wp-image-2274\" src=\"http:\/\/www.eagpv.at\/wp-content\/uploads\/2023\/06\/EAG_Musik_LinzerDom-300x189.png\" alt=\"\" width=\"214\" height=\"135\" srcset=\"http:\/\/www.eagpv.at\/wp-content\/uploads\/2023\/06\/EAG_Musik_LinzerDom-300x189.png 300w, http:\/\/www.eagpv.at\/wp-content\/uploads\/2023\/06\/EAG_Musik_LinzerDom.png 540w\" sizes=\"auto, (max-width: 214px) 100vw, 214px\" \/>\u00a0<span style=\"color: #000000;\"><strong>auf Facebook &gt;&gt;&gt;<\/strong><\/span><\/a><\/p>\n<hr \/>\n<h4 style=\"text-align: center;\"><a style=\"font-family: 'Source Sans Pro', Helvetica, sans-serif; font-size: 16px; font-weight: 400;\" title=\"Energieag Musik\" href=\"http:\/\/www.energieag.at\/musik\" target=\"_blank\" rel=\"noopener noreferrer\">&gt;&gt;&gt;&gt;<\/a><span style=\"font-family: 'Source Sans Pro', Helvetica, sans-serif; font-size: 16px; font-weight: 400;\">\u00a0 <\/span><strong style=\"font-family: 'Source Sans Pro', Helvetica, sans-serif; font-size: 16px;\">zur\u00a0 Homepage der Energie AG Musik<\/strong><a style=\"font-family: 'Source Sans Pro', Helvetica, sans-serif; font-size: 16px; font-weight: 400;\" title=\"Energieag Musik\" href=\"http:\/\/www.energieag.at\/musik\" target=\"_blank\" rel=\"noopener noreferrer\"><img loading=\"lazy\" decoding=\"async\" class=\"wp-image-576 aligncenter\" src=\"http:\/\/www.eagpv.at\/wp-content\/uploads\/2014\/03\/EAG_Musik-300x107.jpg\" alt=\"EAG_Musik\" width=\"565\" height=\"201\" srcset=\"http:\/\/www.eagpv.at\/wp-content\/uploads\/2014\/03\/EAG_Musik-300x107.jpg 300w, http:\/\/www.eagpv.at\/wp-content\/uploads\/2014\/03\/EAG_Musik.jpg 909w\" sizes=\"auto, (max-width: 565px) 100vw, 565px\" \/><\/a><\/h4>\n<p style=\"text-align: center;\"><em>&#8230;.. auf das Bild klicken um zur Homepage zu kommen.<\/em><\/p>\n<p style=\"text-align: center;\"><em><br \/><\/em><a href=\"https:\/\/www.facebook.com\/musikderenergieag\/\" target=\"_blank\" rel=\"noopener\"><img loading=\"lazy\" decoding=\"async\" class=\"size-full wp-image-2178 aligncenter\" src=\"http:\/\/www.eagpv.at\/wp-content\/uploads\/2023\/03\/Bildschirmfoto-2023-03-09-um-10.05.25.png\" alt=\"\" width=\"164\" height=\"23\" \/><\/a><\/p>\n<table cellspacing=\"0\" cellpadding=\"0\">\n<tbody>\n<tr>\n<td colspan=\"4\" valign=\"middle\">\n<p align=\"center\"><span style=\"color: #fb0007; font-family: Noteworthy Light; font-size: xx-large;\">Energie AG Musik-Termine 2023<\/span><\/p>\n<\/td>\n<\/tr>\n<tr>\n<td valign=\"bottom\"><span style=\"color: #999999; font-family: Verdana; font-size: small;\">Sonntag<\/span><\/td>\n<td valign=\"bottom\"><span style=\"color: #999999; font-family: Verdana; font-size: small;\">16.04.2023<\/span><\/td>\n<td valign=\"bottom\"><span style=\"color: #999999; font-family: Verdana; font-size: small;\">17:00<\/span><\/td>\n<td valign=\"bottom\"><span style=\"color: #999999; font-family: Verdana; font-size: small;\">Fr\u00fchlingskonzert K\u00fcrnberghalle <\/span><\/td>\n<\/tr>\n<tr>\n<td valign=\"bottom\"><span style=\"color: #000000; font-family: Verdana; font-size: small;\">Dienstag<\/span><\/td>\n<td valign=\"bottom\"><span style=\"color: #000000; font-family: Verdana; font-size: small;\">18.07.2023<\/span><\/td>\n<td valign=\"bottom\"><span style=\"color: #000000; font-family: Verdana; font-size: small;\">20:00<\/span><\/td>\n<td valign=\"bottom\"><span style=\"color: #000000; font-family: Verdana; font-size: small;\">Musikpavillon Gro\u00dfarl<br \/>(bei Schlechtwetter im Turn- und Kultursaal)<\/span><\/td>\n<\/tr>\n<tr>\n<td valign=\"bottom\"><span style=\"color: #000000; font-family: Verdana; font-size: small;\">Mittwoch<\/span><\/td>\n<td valign=\"bottom\"><span style=\"color: #000000; font-family: Verdana; font-size: small;\">26.07.2023<\/span><\/td>\n<td valign=\"bottom\"><span style=\"color: #000000; font-family: Verdana; font-size: small;\">18:30<\/span><\/td>\n<td valign=\"bottom\"><span style=\"color: #000000; font-family: Verdana; font-size: small;\">vor dem Linzer Musiktheater<br \/>(nur bei trockener Witterung)<\/span><\/td>\n<\/tr>\n<tr>\n<td valign=\"bottom\">\u00a0<\/td>\n<td valign=\"bottom\">\u00a0<\/td>\n<td valign=\"bottom\">\u00a0<\/td>\n<td valign=\"bottom\">\u00a0<\/td>\n<\/tr>\n<tr>\n<td valign=\"bottom\">\u00a0<\/td>\n<td valign=\"bottom\">\u00a0<\/td>\n<td valign=\"bottom\">\u00a0<\/td>\n<td valign=\"bottom\">\u00a0<\/td>\n<\/tr>\n<tr>\n<td valign=\"bottom\">\u00a0<\/td>\n<td valign=\"bottom\">\u00a0<\/td>\n<td valign=\"bottom\">\u00a0<\/td>\n<td valign=\"bottom\">\u00a0<\/td>\n<\/tr>\n<tr>\n<td valign=\"bottom\">\u00a0<\/td>\n<td valign=\"bottom\">\u00a0<\/td>\n<td valign=\"bottom\">\u00a0<\/td>\n<td valign=\"bottom\">\u00a0<\/td>\n<\/tr>\n<\/tbody>\n<\/table>\n\n\n<p><\/p>\n","protected":false},"excerpt":{"rendered":"<p>&nbsp; &nbsp; \u00a0\u00a0auf Facebook &gt;&gt;&gt; &gt;&gt;&gt;&gt;\u00a0 zur\u00a0 Homepage der Energie AG Musik &#8230;.. auf das Bild klicken um zur Homepage zu kommen. Energie AG Musik-Termine 2023 Sonntag 16.04.2023 17:00 Fr\u00fchlingskonzert K\u00fcrnberghalle Dienstag 18.07.2023 20:00 Musikpavillon Gro\u00dfarl(bei Schlechtwetter im Turn- und Kultursaal) Mittwoch 26.07.2023 18:30 vor dem Linzer Musiktheater(nur bei trockener Witterung) \u00a0 \u00a0 \u00a0 \u00a0 &hellip; <a href=\"http:\/\/www.eagpv.at\/?page_id=205\" class=\"more-link\"><span class=\"screen-reader-text\">Energie AG Musik<\/span> weiterlesen <span class=\"meta-nav\">&rarr;<\/span><\/a><\/p>\n","protected":false},"author":3,"featured_media":0,"parent":0,"menu_order":0,"comment_status":"closed","ping_status":"closed","template":"","meta":{"footnotes":""},"class_list":["post-205","page","type-page","status-publish","hentry"],"_links":{"self":[{"href":"http:\/\/www.eagpv.at\/index.php?rest_route=\/wp\/v2\/pages\/205","targetHints":{"allow":["GET"]}}],"collection":[{"href":"http:\/\/www.eagpv.at\/index.php?rest_route=\/wp\/v2\/pages"}],"about":[{"href":"http:\/\/www.eagpv.at\/index.php?rest_route=\/wp\/v2\/types\/page"}],"author":[{"embeddable":true,"href":"http:\/\/www.eagpv.at\/index.php?rest_route=\/wp\/v2\/users\/3"}],"replies":[{"embeddable":true,"href":"http:\/\/www.eagpv.at\/index.php?rest_route=%2Fwp%2Fv2%2Fcomments&post=205"}],"version-history":[{"count":37,"href":"http:\/\/www.eagpv.at\/index.php?rest_route=\/wp\/v2\/pages\/205\/revisions"}],"predecessor-version":[{"id":2524,"href":"http:\/\/www.eagpv.at\/index.php?rest_route=\/wp\/v2\/pages\/205\/revisions\/2524"}],"wp:attachment":[{"href":"http:\/\/www.eagpv.at\/index.php?rest_route=%2Fwp%2Fv2%2Fmedia&parent=205"}],"curies":[{"name":"wp","href":"https:\/\/api.w.org\/{rel}","templated":true}]}}