{"id":109,"date":"2015-02-18T12:15:53","date_gmt":"2015-02-18T10:15:53","guid":{"rendered":"http:\/\/www.eagpv.at\/?page_id=109"},"modified":"2019-11-05T11:25:27","modified_gmt":"2019-11-05T09:25:27","slug":"beitrag","status":"publish","type":"page","link":"https:\/\/www.eagpv.at\/?page_id=109","title":{"rendered":"Mitgliedsbeitrag"},"content":{"rendered":"<p>Bei der am 22.10.2013 stattgefundenen Jahreshauptversammlung in der Energie AG Kantine in Gmunden wurde beschlossen, den Jahresbeitrag zu erh\u00f6hen.<\/p>\n<p>Es gelten folgende Beitr\u00e4ge:<\/p>\n<ul>\n<li>Euro 12,&#8211; f\u00fcr Pensionistinnen und Pensionisten<\/li>\n<li>Euro 6,&#8211; f\u00fcr Witwen\/Witwer<\/li>\n<\/ul>\n<p>Die Einhebung des Mitgliedbeitrages ist mit zugesandtem\u00a0<span style=\"text-decoration: underline;\">Erlagschein<\/span> vorgesehen.<br \/>\nDieser enth\u00e4lt auch die Kontodaten f\u00fcr elektronische \u00dcberweisungen.<\/p>\n","protected":false},"excerpt":{"rendered":"<p>Bei der am 22.10.2013 stattgefundenen Jahreshauptversammlung in der Energie AG Kantine in Gmunden wurde beschlossen, den Jahresbeitrag zu erh\u00f6hen. Es gelten folgende Beitr\u00e4ge: Euro 12,&#8211; f\u00fcr Pensionistinnen und Pensionisten Euro 6,&#8211; f\u00fcr Witwen\/Witwer Die Einhebung des Mitgliedbeitrages ist mit zugesandtem\u00a0Erlagschein vorgesehen. Dieser enth\u00e4lt auch die Kontodaten f\u00fcr elektronische \u00dcberweisungen.<\/p>\n","protected":false},"author":3,"featured_media":0,"parent":0,"menu_order":0,"comment_status":"closed","ping_status":"closed","template":"","meta":{"footnotes":""},"class_list":["post-109","page","type-page","status-publish","hentry"],"_links":{"self":[{"href":"https:\/\/www.eagpv.at\/index.php?rest_route=\/wp\/v2\/pages\/109","targetHints":{"allow":["GET"]}}],"collection":[{"href":"https:\/\/www.eagpv.at\/index.php?rest_route=\/wp\/v2\/pages"}],"about":[{"href":"https:\/\/www.eagpv.at\/index.php?rest_route=\/wp\/v2\/types\/page"}],"author":[{"embeddable":true,"href":"https:\/\/www.eagpv.at\/index.php?rest_route=\/wp\/v2\/users\/3"}],"replies":[{"embeddable":true,"href":"https:\/\/www.eagpv.at\/index.php?rest_route=%2Fwp%2Fv2%2Fcomments&post=109"}],"version-history":[{"count":6,"href":"https:\/\/www.eagpv.at\/index.php?rest_route=\/wp\/v2\/pages\/109\/revisions"}],"predecessor-version":[{"id":1499,"href":"https:\/\/www.eagpv.at\/index.php?rest_route=\/wp\/v2\/pages\/109\/revisions\/1499"}],"wp:attachment":[{"href":"https:\/\/www.eagpv.at\/index.php?rest_route=%2Fwp%2Fv2%2Fmedia&parent=109"}],"curies":[{"name":"wp","href":"https:\/\/api.w.org\/{rel}","templated":true}]}}